{"id":297,"date":"2022-06-07T01:29:39","date_gmt":"2022-06-07T01:29:39","guid":{"rendered":"https:\/\/modtour.travelerwp.com\/?page_id=297"},"modified":"2026-01-05T12:07:11","modified_gmt":"2026-01-05T12:07:11","slug":"about","status":"publish","type":"page","link":"https:\/\/gotowild.lt\/en\/about\/","title":{"rendered":"About"},"content":{"rendered":"<div data-elementor-type=\"wp-page\" data-elementor-id=\"297\" class=\"elementor elementor-297\">\n\t\t\t\t\t\t<section class=\"elementor-section elementor-top-section elementor-element elementor-element-3f5141d elementor-section-full_width elementor-section-height-min-height elementor-section-height-default elementor-section-items-middle\" data-id=\"3f5141d\" data-element_type=\"section\" data-settings=\"{&quot;background_background&quot;:&quot;classic&quot;}\">\n\t\t\t\t\t\t<div class=\"elementor-container elementor-column-gap-wider\">\n\t\t\t\t\t<div class=\"elementor-column elementor-col-100 elementor-top-column elementor-element elementor-element-f11b0ed\" data-id=\"f11b0ed\" data-element_type=\"column\">\n\t\t\t<div class=\"elementor-widget-wrap\">\n\t\t\t\t\t\t\t<\/div>\n\t\t<\/div>\n\t\t\t\t\t<\/div>\n\t\t<\/section>\n\t\t\t\t<section class=\"elementor-section elementor-top-section elementor-element elementor-element-54fd89e9 elementor-section-boxed elementor-section-height-default elementor-section-height-default\" data-id=\"54fd89e9\" data-element_type=\"section\">\n\t\t\t\t\t\t<div class=\"elementor-container elementor-column-gap-default\">\n\t\t\t\t\t<div class=\"elementor-column elementor-col-100 elementor-top-column elementor-element elementor-element-31a8b999\" data-id=\"31a8b999\" data-element_type=\"column\">\n\t\t\t<div class=\"elementor-widget-wrap elementor-element-populated\">\n\t\t\t\t\t\t<div class=\"elementor-element elementor-element-458f1303 elementor-widget elementor-widget-heading\" data-id=\"458f1303\" data-element_type=\"widget\" data-widget_type=\"heading.default\">\n\t\t\t\t<div class=\"elementor-widget-container\">\n\t\t\t\t\t<h2 class=\"elementor-heading-title elementor-size-default\">About us<\/h2>\t\t\t\t<\/div>\n\t\t\t\t<\/div>\n\t\t\t\t<div class=\"elementor-element elementor-element-4b5b2156 elementor-widget elementor-widget-heading\" data-id=\"4b5b2156\" data-element_type=\"widget\" data-widget_type=\"heading.default\">\n\t\t\t\t<div class=\"elementor-widget-container\">\n\t\t\t\t\t<h4 class=\"elementor-heading-title elementor-size-default\">We are a team of active tourism professionals with many years of international experience.<br data-start=\"828\" data-end=\"831\">\n<strong data-start=\"831\" data-end=\"851\">Marat Pavlenko<\/strong> \u2013 Project Manager and guide, more than 22 years of experience in the tourism field.<br data-start=\"925\" data-end=\"928\">\n<strong data-start=\"928\" data-end=\"946\">Andrew Stonys<\/strong> \u2013 Creative Director, 24 years of experience in the tourism and creative industries.<br data-start=\"1020\" data-end=\"1023\">\n<strong data-start=\"1023\" data-end=\"1039\">Joris Stonys<\/strong> \u2013 Technical support, 3 years of experience, responsible for reliability and travel comfort.<br data-start=\"1123\" data-end=\"1126\">\nOur strength is experience, creativity, and technological solutions.<br> <br>gotowild.lt@gmail.com +37065555755 +37065555755 37065555755 \u00a92026 gotowild.lt MB \u201c5 LEMON\u201d. Reg. no. 305683567 LT637044090101439768<br><br><a href=\"https:\/\/www.licencijavimas.lt\/lis-epp-app\/public\/viewLicence?lic_id=3517277\" target=\"_blank\" style=\"font-family: Roboto, Arial, sans-serif;font-size: 16px;font-weight: 700\">Travel sales agent license<\/a><\/h4>\t\t\t\t<\/div>\n\t\t\t\t<\/div>\n\t\t\t\t\t<\/div>\n\t\t<\/div>\n\t\t\t\t\t<\/div>\n\t\t<\/section>\n\t\t\t\t<section class=\"elementor-section elementor-top-section elementor-element elementor-element-ab6bb6e elementor-section-boxed elementor-section-height-default elementor-section-height-default\" data-id=\"ab6bb6e\" data-element_type=\"section\">\n\t\t\t\t\t\t<div class=\"elementor-container elementor-column-gap-default\">\n\t\t\t\t\t<div class=\"elementor-column elementor-col-50 elementor-top-column elementor-element elementor-element-2a1c1120\" data-id=\"2a1c1120\" data-element_type=\"column\">\n\t\t\t<div class=\"elementor-widget-wrap elementor-element-populated\">\n\t\t\t\t\t\t<div class=\"elementor-element elementor-element-40486a97 elementor-widget elementor-widget-heading\" data-id=\"40486a97\" data-element_type=\"widget\" data-widget_type=\"heading.default\">\n\t\t\t\t<div class=\"elementor-widget-container\">\n\t\t\t\t\t<h2 class=\"elementor-heading-title elementor-size-default\">Our mission<\/h2>\t\t\t\t<\/div>\n\t\t\t\t<\/div>\n\t\t\t\t<div class=\"elementor-element elementor-element-328848b elementor-widget elementor-widget-heading\" data-id=\"328848b\" data-element_type=\"widget\" data-widget_type=\"heading.default\">\n\t\t\t\t<div class=\"elementor-widget-container\">\n\t\t\t\t\t<h2 class=\"elementor-heading-title elementor-size-default\">Our mission is to give unforgettable emotions and inspire energy through active travel, opening up the beauty of the world and new opportunities for self-expression.<\/h2>\t\t\t\t<\/div>\n\t\t\t\t<\/div>\n\t\t\t\t<div class=\"elementor-element elementor-element-3ad0f367 elementor-align-left elementor-icon-list--layout-traditional elementor-list-item-link-full_width elementor-widget elementor-widget-icon-list\" data-id=\"3ad0f367\" data-element_type=\"widget\" data-widget_type=\"icon-list.default\">\n\t\t\t\t<div class=\"elementor-widget-container\">\n\t\t\t\t\t\t\t<ul class=\"elementor-icon-list-items\">\n\t\t\t\t\t\t\t<li class=\"elementor-icon-list-item\">\n\t\t\t\t\t\t\t\t\t\t<span class=\"elementor-icon-list-text\"><\/span>\n\t\t\t\t\t\t\t\t\t<\/li>\n\t\t\t\t\t\t\t\t<li class=\"elementor-icon-list-item\">\n\t\t\t\t\t\t\t\t\t\t<span class=\"elementor-icon-list-text\"><\/span>\n\t\t\t\t\t\t\t\t\t<\/li>\n\t\t\t\t\t\t\t\t<li class=\"elementor-icon-list-item\">\n\t\t\t\t\t\t\t\t\t\t<span class=\"elementor-icon-list-text\"><\/span>\n\t\t\t\t\t\t\t\t\t<\/li>\n\t\t\t\t\t\t<\/ul>\n\t\t\t\t\t\t<\/div>\n\t\t\t\t<\/div>\n\t\t\t\t\t<\/div>\n\t\t<\/div>\n\t\t\t\t<div class=\"elementor-column elementor-col-50 elementor-top-column elementor-element elementor-element-1647dad5\" data-id=\"1647dad5\" data-element_type=\"column\">\n\t\t\t<div class=\"elementor-widget-wrap elementor-element-populated\">\n\t\t\t\t\t\t<div class=\"elementor-element elementor-element-659789eb elementor-widget elementor-widget-heading\" data-id=\"659789eb\" data-element_type=\"widget\" data-widget_type=\"heading.default\">\n\t\t\t\t<div class=\"elementor-widget-container\">\n\t\t\t\t\t<h2 class=\"elementor-heading-title elementor-size-default\">Purpose<\/h2>\t\t\t\t<\/div>\n\t\t\t\t<\/div>\n\t\t\t\t<div class=\"elementor-element elementor-element-6cf58b81 elementor-widget-laptop__width-initial elementor-widget elementor-widget-heading\" data-id=\"6cf58b81\" data-element_type=\"widget\" data-widget_type=\"heading.default\">\n\t\t\t\t<div class=\"elementor-widget-container\">\n\t\t\t\t\t<h2 class=\"elementor-heading-title elementor-size-default\"><strong data-start=\"1948\" data-end=\"1976\">Dream. Explore. Discover.<\/strong><br data-start=\"1976\" data-end=\"1979\"><p data-start=\"1938\" data-end=\"2267\">We inspire people to discover, create unforgettable experiences, combining relaxation and knowledge. We strive to make travel affordable, safe and comfortable, using innovative technologies and high quality services, focusing on customer needs and personal and corporate growth.<\/p><\/h2>\t\t\t\t<\/div>\n\t\t\t\t<\/div>\n\t\t\t\t\t<\/div>\n\t\t<\/div>\n\t\t\t\t\t<\/div>\n\t\t<\/section>\n\t\t\t\t<section class=\"elementor-section elementor-top-section elementor-element elementor-element-3d74da43 elementor-section-boxed elementor-section-height-default elementor-section-height-default\" data-id=\"3d74da43\" data-element_type=\"section\">\n\t\t\t\t\t\t<div class=\"elementor-container elementor-column-gap-default\">\n\t\t\t\t\t<div class=\"elementor-column elementor-col-100 elementor-top-column elementor-element elementor-element-549440f0\" data-id=\"549440f0\" data-element_type=\"column\">\n\t\t\t<div class=\"elementor-widget-wrap elementor-element-populated\">\n\t\t\t\t\t\t<div class=\"elementor-element elementor-element-19f7f5a3 elementor-widget elementor-widget-heading\" data-id=\"19f7f5a3\" data-element_type=\"widget\" data-widget_type=\"heading.default\">\n\t\t\t\t<div class=\"elementor-widget-container\">\n\t\t\t\t\t<h2 class=\"elementor-heading-title elementor-size-default\">Our team<\/h2>\t\t\t\t<\/div>\n\t\t\t\t<\/div>\n\t\t\t\t\t<\/div>\n\t\t<\/div>\n\t\t\t\t\t<\/div>\n\t\t<\/section>\n\t\t\t\t<section class=\"elementor-section elementor-top-section elementor-element elementor-element-41995154 elementor-section-boxed elementor-section-height-default elementor-section-height-default\" data-id=\"41995154\" data-element_type=\"section\">\n\t\t\t\t\t\t<div class=\"elementor-container elementor-column-gap-default\">\n\t\t\t\t\t<div class=\"elementor-column elementor-col-33 elementor-top-column elementor-element elementor-element-7a76a777\" data-id=\"7a76a777\" data-element_type=\"column\">\n\t\t\t<div class=\"elementor-widget-wrap elementor-element-populated\">\n\t\t\t\t\t\t<div class=\"elementor-element elementor-element-92445b1 overflow-hidden border-radius-20 elementor-widget elementor-widget-image\" data-id=\"92445b1\" data-element_type=\"widget\" data-widget_type=\"image.default\">\n\t\t\t\t<div class=\"elementor-widget-container\">\n\t\t\t\t\t\t\t\t\t\t\t\t\t\t\t<img fetchpriority=\"high\" decoding=\"async\" width=\"1024\" height=\"1024\" src=\"https:\/\/gotowild.lt\/wp-content\/uploads\/2025\/09\/20160917_100850-1024x1024.jpg\" class=\"elementor-animation-grow attachment-large size-large wp-image-10370\" alt=\"\" srcset=\"https:\/\/gotowild.lt\/wp-content\/uploads\/2025\/09\/20160917_100850-1024x1024.jpg 1024w, https:\/\/gotowild.lt\/wp-content\/uploads\/2025\/09\/20160917_100850-300x300.jpg 300w, https:\/\/gotowild.lt\/wp-content\/uploads\/2025\/09\/20160917_100850-150x150.jpg 150w, https:\/\/gotowild.lt\/wp-content\/uploads\/2025\/09\/20160917_100850-1536x1536.jpg 1536w, https:\/\/gotowild.lt\/wp-content\/uploads\/2025\/09\/20160917_100850-2048x2048.jpg 2048w, https:\/\/gotowild.lt\/wp-content\/uploads\/2025\/09\/20160917_100850-scaled-600x600.jpg 600w, https:\/\/gotowild.lt\/wp-content\/uploads\/2025\/09\/20160917_100850-100x100.jpg 100w\" sizes=\"(max-width: 1024px) 100vw, 1024px\" \/>\t\t\t\t\t\t\t\t\t\t\t\t\t\t\t<\/div>\n\t\t\t\t<\/div>\n\t\t\t\t<div class=\"elementor-element elementor-element-4c2cb561 elementor-widget elementor-widget-heading\" data-id=\"4c2cb561\" data-element_type=\"widget\" data-widget_type=\"heading.default\">\n\t\t\t\t<div class=\"elementor-widget-container\">\n\t\t\t\t\t<h2 class=\"elementor-heading-title elementor-size-default\">Andrew Stonys<\/h2>\t\t\t\t<\/div>\n\t\t\t\t<\/div>\n\t\t\t\t<div class=\"elementor-element elementor-element-7c011578 elementor-widget elementor-widget-heading\" data-id=\"7c011578\" data-element_type=\"widget\" data-widget_type=\"heading.default\">\n\t\t\t\t<div class=\"elementor-widget-container\">\n\t\t\t\t\t<h2 class=\"elementor-heading-title elementor-size-default\">Creative Director<\/h2>\t\t\t\t<\/div>\n\t\t\t\t<\/div>\n\t\t\t\t\t<\/div>\n\t\t<\/div>\n\t\t\t\t<div class=\"elementor-column elementor-col-33 elementor-top-column elementor-element elementor-element-599c4ecf\" data-id=\"599c4ecf\" data-element_type=\"column\">\n\t\t\t<div class=\"elementor-widget-wrap elementor-element-populated\">\n\t\t\t\t\t\t<div class=\"elementor-element elementor-element-26728dc9 overflow-hidden border-radius-20 elementor-widget elementor-widget-image\" data-id=\"26728dc9\" data-element_type=\"widget\" data-widget_type=\"image.default\">\n\t\t\t\t<div class=\"elementor-widget-container\">\n\t\t\t\t\t\t\t\t\t\t\t\t\t\t\t<img decoding=\"async\" width=\"1024\" height=\"1024\" src=\"https:\/\/gotowild.lt\/wp-content\/uploads\/2025\/09\/marat3-1024x1024.jpg\" class=\"elementor-animation-grow attachment-large size-large wp-image-10371\" alt=\"\" srcset=\"https:\/\/gotowild.lt\/wp-content\/uploads\/2025\/09\/marat3-1024x1024.jpg 1024w, https:\/\/gotowild.lt\/wp-content\/uploads\/2025\/09\/marat3-300x300.jpg 300w, https:\/\/gotowild.lt\/wp-content\/uploads\/2025\/09\/marat3-150x150.jpg 150w, https:\/\/gotowild.lt\/wp-content\/uploads\/2025\/09\/marat3-1536x1536.jpg 1536w, https:\/\/gotowild.lt\/wp-content\/uploads\/2025\/09\/marat3-2048x2048.jpg 2048w, https:\/\/gotowild.lt\/wp-content\/uploads\/2025\/09\/marat3-100x100.jpg 100w\" sizes=\"(max-width: 1024px) 100vw, 1024px\" \/>\t\t\t\t\t\t\t\t\t\t\t\t\t\t\t<\/div>\n\t\t\t\t<\/div>\n\t\t\t\t<div class=\"elementor-element elementor-element-e2085d4 elementor-widget elementor-widget-heading\" data-id=\"e2085d4\" data-element_type=\"widget\" data-widget_type=\"heading.default\">\n\t\t\t\t<div class=\"elementor-widget-container\">\n\t\t\t\t\t<h2 class=\"elementor-heading-title elementor-size-default\">Marat Pavlenko<\/h2>\t\t\t\t<\/div>\n\t\t\t\t<\/div>\n\t\t\t\t<div class=\"elementor-element elementor-element-64fd5306 elementor-widget elementor-widget-heading\" data-id=\"64fd5306\" data-element_type=\"widget\" data-widget_type=\"heading.default\">\n\t\t\t\t<div class=\"elementor-widget-container\">\n\t\t\t\t\t<h2 class=\"elementor-heading-title elementor-size-default\">Project Manager<\/h2>\t\t\t\t<\/div>\n\t\t\t\t<\/div>\n\t\t\t\t\t<\/div>\n\t\t<\/div>\n\t\t\t\t<div class=\"elementor-column elementor-col-33 elementor-top-column elementor-element elementor-element-20c0d803\" data-id=\"20c0d803\" data-element_type=\"column\">\n\t\t\t<div class=\"elementor-widget-wrap elementor-element-populated\">\n\t\t\t\t\t\t<div class=\"elementor-element elementor-element-7891f412 overflow-hidden border-radius-20 elementor-widget elementor-widget-image\" data-id=\"7891f412\" data-element_type=\"widget\" data-widget_type=\"image.default\">\n\t\t\t\t<div class=\"elementor-widget-container\">\n\t\t\t\t\t\t\t\t\t\t\t\t\t\t\t<img decoding=\"async\" width=\"1440\" height=\"1450\" src=\"https:\/\/gotowild.lt\/wp-content\/uploads\/2026\/01\/Joris2.jpg\" class=\"elementor-animation-grow attachment-full size-full wp-image-10785\" alt=\"Joris\" srcset=\"https:\/\/gotowild.lt\/wp-content\/uploads\/2026\/01\/Joris2.jpg 1440w, https:\/\/gotowild.lt\/wp-content\/uploads\/2026\/01\/Joris2-150x150.jpg 150w, https:\/\/gotowild.lt\/wp-content\/uploads\/2026\/01\/Joris2-768x773.jpg 768w, https:\/\/gotowild.lt\/wp-content\/uploads\/2026\/01\/Joris2-600x604.jpg 600w, https:\/\/gotowild.lt\/wp-content\/uploads\/2026\/01\/Joris2-100x100.jpg 100w\" sizes=\"(max-width: 1440px) 100vw, 1440px\" \/>\t\t\t\t\t\t\t\t\t\t\t\t\t\t\t<\/div>\n\t\t\t\t<\/div>\n\t\t\t\t<div class=\"elementor-element elementor-element-2eabd053 elementor-widget elementor-widget-heading\" data-id=\"2eabd053\" data-element_type=\"widget\" data-widget_type=\"heading.default\">\n\t\t\t\t<div class=\"elementor-widget-container\">\n\t\t\t\t\t<h2 class=\"elementor-heading-title elementor-size-default\">Joris Stonys<\/h2>\t\t\t\t<\/div>\n\t\t\t\t<\/div>\n\t\t\t\t<div class=\"elementor-element elementor-element-4de2f94e elementor-widget elementor-widget-heading\" data-id=\"4de2f94e\" data-element_type=\"widget\" data-widget_type=\"heading.default\">\n\t\t\t\t<div class=\"elementor-widget-container\">\n\t\t\t\t\t<h2 class=\"elementor-heading-title elementor-size-default\"><span style=\"text-align: start\">Technical support<\/span><\/h2>\t\t\t\t<\/div>\n\t\t\t\t<\/div>\n\t\t\t\t\t<\/div>\n\t\t<\/div>\n\t\t\t\t\t<\/div>\n\t\t<\/section>\n\t\t\t\t<\/div>","protected":false},"excerpt":{"rendered":"<p>Apie mus Esame aktyvaus turizmo profesional\u0173 komanda, turinti ilgamet\u0119 tarptautin\u0119 patirt\u012f. Maratas Pavlenko \u2013 Project Manager ir gidas, daugiau nei 22 met\u0173 patirtis turizmo srityje. Andrius Stonys \u2013 Creative Director, 24 met\u0173 patirtis turizmo ir k\u016brybin\u0117je industrijoje. Joris Stonys \u2013 Technin\u0117 pagalba, 3 met\u0173 patirtis, atsakingas u\u017e patikimum\u0105 ir kelioni\u0173 komfort\u0105. M\u016bs\u0173 stipryb\u0117 \u2013 patirtis, [&hellip;]<\/p>","protected":false},"author":1,"featured_media":0,"parent":0,"menu_order":0,"comment_status":"closed","ping_status":"closed","template":"template-blank.php","meta":{"footnotes":""},"class_list":["post-297","page","type-page","status-publish","has-post-thumbnail","hentry"],"_links":{"self":[{"href":"https:\/\/gotowild.lt\/en\/wp-json\/wp\/v2\/pages\/297","targetHints":{"allow":["GET"]}}],"collection":[{"href":"https:\/\/gotowild.lt\/en\/wp-json\/wp\/v2\/pages"}],"about":[{"href":"https:\/\/gotowild.lt\/en\/wp-json\/wp\/v2\/types\/page"}],"author":[{"embeddable":true,"href":"https:\/\/gotowild.lt\/en\/wp-json\/wp\/v2\/users\/1"}],"replies":[{"embeddable":true,"href":"https:\/\/gotowild.lt\/en\/wp-json\/wp\/v2\/comments?post=297"}],"version-history":[{"count":39,"href":"https:\/\/gotowild.lt\/en\/wp-json\/wp\/v2\/pages\/297\/revisions"}],"predecessor-version":[{"id":10789,"href":"https:\/\/gotowild.lt\/en\/wp-json\/wp\/v2\/pages\/297\/revisions\/10789"}],"wp:attachment":[{"href":"https:\/\/gotowild.lt\/en\/wp-json\/wp\/v2\/media?parent=297"}],"curies":[{"name":"wp","href":"https:\/\/api.w.org\/{rel}","templated":true}]}}